{"id":109,"date":"2015-11-25T23:05:47","date_gmt":"2015-11-25T23:05:47","guid":{"rendered":"http:\/\/rowlandlaw.us\/?page_id=109"},"modified":"2015-12-30T12:42:32","modified_gmt":"2015-12-30T17:42:32","slug":"german-claims-publication","status":"publish","type":"page","link":"https:\/\/rowlandlaw.com\/index.php\/german-claims-publication\/","title":{"rendered":"German Claims Publications"},"content":{"rendered":"<div id=\"title\"><\/div>\n<div>\n<div>\n<table border=\"0\" width=\"100%\" cellpadding=\"2px;\">\n<tbody>\n<tr>\n<td align=\"left\"><strong><span id=\"ContentPlaceHolder_rNews_lTitle_0\" class=\"BlueBold14\"><a class=\"BlueBold14\" href=\"http:\/\/rowlandlaw.us\/wp-content\/uploads\/2015\/12\/Aufbau.pdf\" target=\"_blank\">Deutschland verabschiedet ein neues Gesetz \u00fcber den R\u00fcckkauf von Mauer- und Grenzst\u00fccken<\/a><\/span><\/strong><\/td>\n<td align=\"right\"><\/td>\n<\/tr>\n<tr>\n<td colspan=\"2\"><span id=\"ContentPlaceHolder_rNews_lBody_0\" class=\"BlueRegular11\">Von\u00a0David J. Rowland, Esq., 22. November 1996<\/span><\/td>\n<\/tr>\n<tr>\n<td colspan=\"2\" align=\"right\"><\/td>\n<\/tr>\n<\/tbody>\n<\/table>\n<table border=\"0\" width=\"100%\" cellpadding=\"2px;\">\n<tbody>\n<tr>\n<td align=\"left\"><strong><span id=\"ContentPlaceHolder_rNews_lTitle_1\" class=\"BlueBold14\"><a class=\"BlueBold14\" href=\"http:\/\/rowlandlaw.us\/wp-content\/uploads\/2015\/12\/EastGermanClaimsRevisited.pdf\" target=\"_blank\">East German Claims Revisited<\/a><\/span><\/strong><\/td>\n<td align=\"right\"><\/td>\n<\/tr>\n<tr>\n<td colspan=\"2\"><span id=\"ContentPlaceHolder_rNews_lBody_1\" class=\"BlueRegular11\">By David J. Rowland, Esq. <\/span><\/td>\n<\/tr>\n<tr>\n<td colspan=\"2\" align=\"right\"><\/td>\n<\/tr>\n<\/tbody>\n<\/table>\n<table border=\"0\" width=\"100%\" cellpadding=\"2px;\">\n<tbody>\n<tr>\n<td align=\"left\"><strong><span id=\"ContentPlaceHolder_rNews_lTitle_2\" class=\"BlueBold14\"><a class=\"BlueBold14\" href=\"http:\/\/rowlandlaw.us\/wp-content\/uploads\/2015\/12\/reclaimingProperty.pdf\" target=\"_blank\">Reclaiming Property Along the Former Berlin Wall<\/a><\/span><\/strong><\/td>\n<td align=\"right\"><\/td>\n<\/tr>\n<tr>\n<td colspan=\"2\"><span id=\"ContentPlaceHolder_rNews_lBody_1\" class=\"BlueRegular11\">By David J. Rowland, Esq. <\/span><\/td>\n<\/tr>\n<tr>\n<td colspan=\"2\" align=\"right\"><\/td>\n<\/tr>\n<\/tbody>\n<\/table>\n<table border=\"0\" width=\"100%\" cellpadding=\"2px;\">\n<tbody>\n<tr>\n<td align=\"left\"><a href=\"http:\/\/rowlandlaw.us\/wp-content\/uploads\/2015\/12\/practicionersGuide.pdf\" target=\"_blank\"><strong><span id=\"ContentPlaceHolder_rNews_lTitle_3\" class=\"BlueBold14\">East German Property Claims: A Practitioner&#8217;s Guide<\/span><\/strong><\/a><\/td>\n<td align=\"right\"><\/td>\n<\/tr>\n<tr>\n<td colspan=\"2\"><span id=\"ContentPlaceHolder_rNews_lBody_3\" class=\"BlueRegular11\">By David J. Rowland, Esq. <\/span><\/td>\n<\/tr>\n<tr>\n<td colspan=\"2\" align=\"right\"><\/td>\n<\/tr>\n<\/tbody>\n<\/table>\n<table border=\"0\" width=\"100%\" cellpadding=\"2px;\">\n<tbody>\n<tr>\n<td align=\"left\"><strong><span id=\"ContentPlaceHolder_rNews_lTitle_4\" class=\"BlueBold14\"><a class=\"BlueBold14\" href=\"http:\/\/rowlandlaw.us\/wp-content\/uploads\/2015\/12\/deadlines.pdf\" target=\"_blank\">Deadlines Affecting Property Claims in East Germany<\/a><\/span><\/strong><\/td>\n<td align=\"right\"><\/td>\n<\/tr>\n<tr>\n<td colspan=\"2\"><span id=\"ContentPlaceHolder_rNews_lBody_4\" class=\"BlueRegular11\">By David J. Rowland, Esq.<\/span><\/td>\n<\/tr>\n<tr>\n<td colspan=\"2\" align=\"right\"><\/td>\n<\/tr>\n<\/tbody>\n<\/table>\n<table border=\"0\" width=\"100%\" cellpadding=\"2px;\">\n<tbody>\n<tr>\n<td align=\"left\"><strong><span id=\"ContentPlaceHolder_rNews_lTitle_5\" class=\"BlueBold14\"><a class=\"BlueBold14\" href=\"http:\/\/rowlandlaw.us\/wp-content\/uploads\/2015\/12\/compensation.pdf\" target=\"_blank\">Compensation for Jewish Victims Of the Nazi Regime<\/a><\/span><\/strong><\/td>\n<td align=\"right\"><\/td>\n<\/tr>\n<tr>\n<td colspan=\"2\"><span id=\"ContentPlaceHolder_rNews_lBody_5\" class=\"BlueRegular11\">By David J. Rowland, Esq. <\/span><\/td>\n<\/tr>\n<tr>\n<td colspan=\"2\" align=\"right\"><\/td>\n<\/tr>\n<\/tbody>\n<\/table>\n<table border=\"0\" width=\"100%\" cellpadding=\"2px;\">\n<tbody>\n<tr>\n<td align=\"left\"><strong><span id=\"ContentPlaceHolder_rNews_lTitle_6\" class=\"BlueBold14\"><a class=\"BlueBold14\" href=\"http:\/\/rowlandlaw.us\/wp-content\/uploads\/2015\/12\/deadlinelooms.pdf\" target=\"_blank\">Deadline Looms for Filing East German Compensation Claims<\/a><\/span><\/strong><\/td>\n<td align=\"right\"><\/td>\n<\/tr>\n<tr>\n<td colspan=\"2\"><span id=\"ContentPlaceHolder_rNews_lBody_6\" class=\"BlueRegular11\">By David J. Rowland, Esq. <\/span><\/td>\n<\/tr>\n<\/tbody>\n<\/table>\n<\/div>\n<\/div>\n","protected":false},"excerpt":{"rendered":"<p>Deutschland verabschiedet ein neues Gesetz \u00fcber den R\u00fcckkauf von Mauer- und Grenzst\u00fccken Von\u00a0David J. Rowland, Esq., 22. November 1996 East German Claims Revisited By David J. Rowland, Esq. Reclaiming Property Along the Former Berlin Wall By David J. Rowland, Esq. East German Property Claims: A Practitioner&#8217;s Guide By David J. Rowland, Esq. Deadlines Affecting Property [&hellip;]<\/p>\n","protected":false},"author":1,"featured_media":0,"parent":0,"menu_order":0,"comment_status":"closed","ping_status":"closed","template":"","meta":[],"_links":{"self":[{"href":"https:\/\/rowlandlaw.com\/index.php\/wp-json\/wp\/v2\/pages\/109"}],"collection":[{"href":"https:\/\/rowlandlaw.com\/index.php\/wp-json\/wp\/v2\/pages"}],"about":[{"href":"https:\/\/rowlandlaw.com\/index.php\/wp-json\/wp\/v2\/types\/page"}],"author":[{"embeddable":true,"href":"https:\/\/rowlandlaw.com\/index.php\/wp-json\/wp\/v2\/users\/1"}],"replies":[{"embeddable":true,"href":"https:\/\/rowlandlaw.com\/index.php\/wp-json\/wp\/v2\/comments?post=109"}],"version-history":[{"count":12,"href":"https:\/\/rowlandlaw.com\/index.php\/wp-json\/wp\/v2\/pages\/109\/revisions"}],"predecessor-version":[{"id":330,"href":"https:\/\/rowlandlaw.com\/index.php\/wp-json\/wp\/v2\/pages\/109\/revisions\/330"}],"wp:attachment":[{"href":"https:\/\/rowlandlaw.com\/index.php\/wp-json\/wp\/v2\/media?parent=109"}],"curies":[{"name":"wp","href":"https:\/\/api.w.org\/{rel}","templated":true}]}}